{"id":194,"date":"2022-12-14T21:54:10","date_gmt":"2022-12-14T21:54:10","guid":{"rendered":"https:\/\/sjvdenver.edu\/seminarians\/?page_id=194"},"modified":"2025-12-03T23:24:04","modified_gmt":"2025-12-03T23:24:04","slug":"prospective-seminarians","status":"publish","type":"page","link":"https:\/\/sjvdenver.edu\/seminarians\/prospective-seminarians\/","title":{"rendered":"Prospective Seminarians"},"content":{"rendered":"[vc_row type=&#8221;full_width_background&#8221; full_screen_row_position=&#8221;middle&#8221; column_margin=&#8221;default&#8221; column_direction=&#8221;default&#8221; column_direction_tablet=&#8221;default&#8221; column_direction_phone=&#8221;default&#8221; bg_image=&#8221;327&#8243; bg_position=&#8221;center center&#8221; background_image_loading=&#8221;default&#8221; bg_repeat=&#8221;no-repeat&#8221; scene_position=&#8221;center&#8221; top_padding=&#8221;8%&#8221; bottom_padding=&#8221;10%&#8221; text_color=&#8221;light&#8221; text_align=&#8221;left&#8221; row_border_radius=&#8221;none&#8221; row_border_radius_applies=&#8221;bg&#8221; overflow=&#8221;visible&#8221; enable_gradient=&#8221;true&#8221; color_overlay=&#8221;#333333&#8243; color_overlay_2=&#8221;#003e7e&#8221; overlay_strength=&#8221;0.5&#8243; gradient_direction=&#8221;left_to_right&#8221; enable_shape_divider=&#8221;true&#8221; shape_divider_color=&#8221;#ffffff&#8221; shape_divider_position=&#8221;bottom&#8221; shape_divider_height=&#8221;180&#8243; bg_image_animation=&#8221;none&#8221; video_mute=&#8221;true&#8221; shape_type=&#8221;waves&#8221; gradient_type=&#8221;default&#8221;][vc_column column_padding=&#8221;no-extra-padding&#8221; column_padding_tablet=&#8221;inherit&#8221; column_padding_phone=&#8221;inherit&#8221; column_padding_position=&#8221;all&#8221; column_element_direction_desktop=&#8221;default&#8221; column_element_spacing=&#8221;default&#8221; desktop_text_alignment=&#8221;default&#8221; tablet_text_alignment=&#8221;default&#8221; phone_text_alignment=&#8221;default&#8221; background_color_opacity=&#8221;1&#8243; background_hover_color_opacity=&#8221;1&#8243; column_backdrop_filter=&#8221;none&#8221; column_shadow=&#8221;none&#8221; column_border_radius=&#8221;none&#8221; column_link_target=&#8221;_self&#8221; column_position=&#8221;default&#8221; gradient_direction=&#8221;left_to_right&#8221; overlay_strength=&#8221;0.3&#8243; width=&#8221;1\/6&#8243; tablet_width_inherit=&#8221;default&#8221; animation_type=&#8221;default&#8221; bg_image_animation=&#8221;none&#8221; border_type=&#8221;simple&#8221; column_border_width=&#8221;none&#8221; column_border_style=&#8221;solid&#8221;][\/vc_column][vc_column column_padding=&#8221;padding-1-percent&#8221; column_padding_tablet=&#8221;inherit&#8221; column_padding_phone=&#8221;inherit&#8221; column_padding_position=&#8221;all&#8221; column_element_direction_desktop=&#8221;default&#8221; column_element_spacing=&#8221;default&#8221; centered_text=&#8221;true&#8221; desktop_text_alignment=&#8221;default&#8221; tablet_text_alignment=&#8221;default&#8221; phone_text_alignment=&#8221;default&#8221; background_color_opacity=&#8221;1&#8243; background_hover_color_opacity=&#8221;1&#8243; column_backdrop_filter=&#8221;none&#8221; column_shadow=&#8221;none&#8221; column_border_radius=&#8221;none&#8221; column_link_target=&#8221;_self&#8221; column_position=&#8221;default&#8221; gradient_direction=&#8221;left_to_right&#8221; overlay_strength=&#8221;0.3&#8243; width=&#8221;2\/3&#8243; tablet_width_inherit=&#8221;default&#8221; animation_type=&#8221;default&#8221; bg_image_animation=&#8221;none&#8221; border_type=&#8221;simple&#8221; column_border_width=&#8221;none&#8221; column_border_style=&#8221;solid&#8221;][vc_custom_heading text=&#8221;Prospective Seminarians&#8221; font_container=&#8221;tag:h1|font_size:60|text_align:center&#8221; use_theme_fonts=&#8221;yes&#8221; css=&#8221;.vc_custom_1671484872289{margin-top: -10px !important;}&#8221;][\/vc_column][vc_column column_padding=&#8221;no-extra-padding&#8221; column_padding_tablet=&#8221;inherit&#8221; column_padding_phone=&#8221;inherit&#8221; column_padding_position=&#8221;all&#8221; column_element_direction_desktop=&#8221;default&#8221; column_element_spacing=&#8221;default&#8221; desktop_text_alignment=&#8221;default&#8221; tablet_text_alignment=&#8221;default&#8221; phone_text_alignment=&#8221;default&#8221; background_color_opacity=&#8221;1&#8243; background_hover_color_opacity=&#8221;1&#8243; column_backdrop_filter=&#8221;none&#8221; column_shadow=&#8221;none&#8221; column_border_radius=&#8221;none&#8221; column_link_target=&#8221;_self&#8221; column_position=&#8221;default&#8221; gradient_direction=&#8221;left_to_right&#8221; overlay_strength=&#8221;0.3&#8243; width=&#8221;1\/6&#8243; tablet_width_inherit=&#8221;default&#8221; animation_type=&#8221;default&#8221; bg_image_animation=&#8221;none&#8221; border_type=&#8221;simple&#8221; column_border_width=&#8221;none&#8221; column_border_style=&#8221;solid&#8221;][\/vc_column][\/vc_row][vc_row type=&#8221;in_container&#8221; full_screen_row_position=&#8221;middle&#8221; column_margin=&#8221;default&#8221; column_direction=&#8221;default&#8221; column_direction_tablet=&#8221;default&#8221; column_direction_phone=&#8221;default&#8221; scene_position=&#8221;center&#8221; top_padding=&#8221;5%&#8221; bottom_padding=&#8221;5%&#8221; text_color=&#8221;dark&#8221; text_align=&#8221;left&#8221; row_border_radius=&#8221;none&#8221; row_border_radius_applies=&#8221;bg&#8221; overflow=&#8221;visible&#8221; overlay_strength=&#8221;0.3&#8243; gradient_direction=&#8221;left_to_right&#8221; shape_divider_position=&#8221;bottom&#8221; bg_image_animation=&#8221;none&#8221; gradient_type=&#8221;default&#8221; shape_type=&#8221;&#8221;][vc_column column_padding=&#8221;no-extra-padding&#8221; column_padding_tablet=&#8221;inherit&#8221; column_padding_phone=&#8221;inherit&#8221; column_padding_position=&#8221;all&#8221; column_element_direction_desktop=&#8221;default&#8221; column_element_spacing=&#8221;default&#8221; desktop_text_alignment=&#8221;default&#8221; tablet_text_alignment=&#8221;default&#8221; phone_text_alignment=&#8221;default&#8221; background_color_opacity=&#8221;1&#8243; background_hover_color_opacity=&#8221;1&#8243; column_backdrop_filter=&#8221;none&#8221; column_shadow=&#8221;none&#8221; column_border_radius=&#8221;none&#8221; column_link_target=&#8221;_self&#8221; column_position=&#8221;default&#8221; gradient_direction=&#8221;left_to_right&#8221; overlay_strength=&#8221;0.3&#8243; width=&#8221;1\/1&#8243; tablet_width_inherit=&#8221;default&#8221; animation_type=&#8221;default&#8221; bg_image_animation=&#8221;none&#8221; border_type=&#8221;simple&#8221; column_border_width=&#8221;none&#8221; column_border_style=&#8221;solid&#8221;][toggles style=&#8221;minimal&#8221;][toggle color=&#8221;Default&#8221; heading_tag=&#8221;default&#8221; heading_tag_functionality=&#8221;default&#8221; title=&#8221;Admissions&#8221;][vc_column_text]Admission to the Division for Priestly Formation of St. John Vianney Theological Seminary is limited to qualified men who have been admitted into a program of priestly formation. Each candidate for admission must be sponsored by his Ordinary or Religious Superior and then approved by the Rector of the Seminary.\u00a0 Admission thus has two stages: first, to be admitted as a seminarian for a certain diocese or religious community, and second, to be admitted to St. John Vianney for studies and formation.[\/vc_column_text][\/toggle][toggle color=&#8221;Default&#8221; heading_tag=&#8221;default&#8221; heading_tag_functionality=&#8221;default&#8221; title=&#8221;International Seminarians&#8221;][vc_column_text]St. John Vianney Theological Seminary is authorized by the United States Department of Homeland Security to enroll international\u00a0seminarians in its program of priestly formation.<\/p>\n<p>An international student whose native language is not English must submit\u00a0 results of a recent TOEFL examination. Permission to participate in pre-theology or theology courses is based on the results of the language proficiency assessment (TOEFL) and the recommendation of the Cycle Director and the Academic Dean.[\/vc_column_text][\/toggle][toggle color=&#8221;Default&#8221; heading_tag=&#8221;default&#8221; heading_tag_functionality=&#8221;default&#8221; title=&#8221;Application Packet&#8221;][vc_column_text]St. John Vianney Theological Seminary forms men for the Catholic priesthood and for service to the Archdiocese of Denver as well as the Universal Church. Applicants interested in applying for admission to the seminary should contact Father \u00c1ngel P\u00e9rez-L\u00f3pez, Rector of the Seminary, at the following address:<\/p>\n<p>Father \u00c1ngel P\u00e9rez-L\u00f3pez, Ph.D., S.T.L.<br \/>\nSt. John Vianney Theological Seminary<br \/>\n1300 South Steele Street<br \/>\nDenver, CO 80210<br \/>\nOffice (303) 282-3427<br \/>\n<a href=\"mailto:val.carey@archden.org\">val.carey@archden.org<\/a>[\/vc_column_text][\/toggle][toggle color=&#8221;Default&#8221; heading_tag=&#8221;default&#8221; heading_tag_functionality=&#8221;default&#8221; title=&#8221;Tuition and Seminary Fees&#8221;][vc_column_text text_direction=&#8221;default&#8221;]Tuition and fees can be found in the <a href=\"https:\/\/sjvdenver.edu\/wp-content\/uploads\/2025\/12\/2025-2026-SJV-Catalog-F-20251007.pdf\">2025-26 Course Catalog<\/a>.[\/vc_column_text][\/toggle][toggle color=&#8221;Default&#8221; heading_tag=&#8221;default&#8221; heading_tag_functionality=&#8221;default&#8221; title=&#8221;Housing&#8221;][vc_column_text text_direction=&#8221;default&#8221;]Housing and meals are provided for seminarians of the Archdiocese of Denver and those assigned to the Seminary by their local Ordinary. Housing Fees can be found in the <a href=\"https:\/\/sjvdenver.edu\/wp-content\/uploads\/2025\/12\/2025-2026-SJV-Catalog-F-20251007.pdf\">2025-26 Course Catalog.<\/a>[\/vc_column_text][\/toggle][toggle color=&#8221;Default&#8221; heading_tag=&#8221;default&#8221; heading_tag_functionality=&#8221;default&#8221; title=&#8221;Insurance Coverage&#8221;][vc_column_text]Health care insurance is provided for seminarians of the Archdiocese of Denver. Seminarians from other dioceses must make arrangements for health insurance coverage through their local Ordinary. Seminarians are expected to assume responsibility for auto, fire, theft, and personal possession insurance.[\/vc_column_text][\/toggle][toggle color=&#8221;Default&#8221; heading_tag=&#8221;default&#8221; heading_tag_functionality=&#8221;default&#8221; title=&#8221;Withdrawal from the Seminary&#8221;][vc_column_text]A\u00a0seminarian in good standing may withdraw from the seminary during a semester. Each seminarian is responsible for settling all outstanding bills, returning keys and other items issued to them for use at the seminary and returning all books to the library prior to leaving the seminary.[\/vc_column_text][\/toggle][toggle color=&#8221;Default&#8221; heading_tag=&#8221;default&#8221; heading_tag_functionality=&#8221;default&#8221; title=&#8221;Refunds&#8221;][vc_column_text]Seminarians who withdraw from the seminary before the end of an academic semester will be charged for tuition, room and board on a pro rata basis. Refunds will be calculated according to the date of withdrawal as follows:<\/p>\n<p><strong>Fall Term:<\/strong><\/p>\n<ul>\n<li>Departure before October 1: 50%<\/li>\n<li>Departure before November 1: 30%<\/li>\n<li>Departure on or after November 1: No refund<\/li>\n<\/ul>\n<p><strong>Spring Term:<\/strong><\/p>\n<ul>\n<li>Departure before March 1: 50%<\/li>\n<li>Departure before April 1: 30%<\/li>\n<li>Departure on or after April 1: No refund<\/li>\n<\/ul>\n<p>Fees for a psychological evaluation and\/or retreat will be refunded only if that event has not yet occurred before the seminarian\u2019s withdrawal.[\/vc_column_text][\/toggle][toggle color=&#8221;Default&#8221; heading_tag=&#8221;default&#8221; heading_tag_functionality=&#8221;default&#8221; title=&#8221;Books and Personal Items&#8221;][vc_column_text]All seminarians must purchase their own books and personal items.[\/vc_column_text][\/toggle][toggle color=&#8221;Default&#8221; heading_tag=&#8221;default&#8221; heading_tag_functionality=&#8221;default&#8221; title=&#8221;Student Loan Deferments and Federal Financial Aid&#8221;][vc_column_text]\n<div class=\"entry-content\">\n<div id=\"divcomp388821\" class=\"comp-content comp-editor-01\">\n<p>The Seminary is authorized to validate in-school deferments of eligible student loans, but does not\u00a0participate in the direct-lending portion of Title IV.<\/p><\/div>\n<\/div>\n[\/vc_column_text][\/toggle][\/toggles][\/vc_column][\/vc_row]\n","protected":false},"excerpt":{"rendered":"<p>[vc_row type=&#8221;full_width_background&#8221; full_screen_row_position=&#8221;middle&#8221; column_margin=&#8221;default&#8221; column_direction=&#8221;default&#8221; column_direction_tablet=&#8221;default&#8221; column_direction_phone=&#8221;default&#8221; bg_image=&#8221;327&#8243; bg_position=&#8221;center center&#8221; background_image_loading=&#8221;default&#8221; bg_repeat=&#8221;no-repeat&#8221; scene_position=&#8221;center&#8221; top_padding=&#8221;8%&#8221; bottom_padding=&#8221;10%&#8221; text_color=&#8221;light&#8221; text_align=&#8221;left&#8221; row_border_radius=&#8221;none&#8221; row_border_radius_applies=&#8221;bg&#8221; overflow=&#8221;visible&#8221; enable_gradient=&#8221;true&#8221; color_overlay=&#8221;#333333&#8243; color_overlay_2=&#8221;#003e7e&#8221; overlay_strength=&#8221;0.5&#8243; gradient_direction=&#8221;left_to_right&#8221; enable_shape_divider=&#8221;true&#8221; shape_divider_color=&#8221;#ffffff&#8221; shape_divider_position=&#8221;bottom&#8221; shape_divider_height=&#8221;180&#8243; bg_image_animation=&#8221;none&#8221;&#8230;<\/p>\n","protected":false},"author":1,"featured_media":512,"parent":0,"menu_order":0,"comment_status":"closed","ping_status":"closed","template":"","meta":{"_relevanssi_hide_post":"","_relevanssi_hide_content":"","_relevanssi_pin_for_all":"","_relevanssi_pin_keywords":"","_relevanssi_unpin_keywords":"","_relevanssi_related_keywords":"","_relevanssi_related_include_ids":"","_relevanssi_related_exclude_ids":"","_relevanssi_related_no_append":"","_relevanssi_related_not_related":"","_relevanssi_related_posts":"","_relevanssi_noindex_reason":"","footnotes":""},"class_list":["post-194","page","type-page","status-publish","has-post-thumbnail"],"yoast_head":"<!-- This site is optimized with the Yoast SEO plugin v23.2 - https:\/\/yoast.com\/wordpress\/plugins\/seo\/ -->\n<title>Prospective Seminarians - Seminarian Division<\/title>\n<meta name=\"robots\" content=\"index, follow, max-snippet:-1, max-image-preview:large, max-video-preview:-1\" \/>\n<link rel=\"canonical\" href=\"http:\/\/sjvdenver.edu\/seminarians\/prospective-seminarians\/\" \/>\n<meta property=\"og:locale\" content=\"en_US\" \/>\n<meta property=\"og:type\" content=\"article\" \/>\n<meta property=\"og:title\" content=\"Prospective Seminarians - Seminarian Division\" \/>\n<meta property=\"og:description\" content=\"[vc_row type=&#8221;full_width_background&#8221; full_screen_row_position=&#8221;middle&#8221; column_margin=&#8221;default&#8221; column_direction=&#8221;default&#8221; column_direction_tablet=&#8221;default&#8221; column_direction_phone=&#8221;default&#8221; bg_image=&#8221;327&#8243; bg_position=&#8221;center center&#8221; background_image_loading=&#8221;default&#8221; bg_repeat=&#8221;no-repeat&#8221; scene_position=&#8221;center&#8221; top_padding=&#8221;8%&#8221; bottom_padding=&#8221;10%&#8221; text_color=&#8221;light&#8221; text_align=&#8221;left&#8221; row_border_radius=&#8221;none&#8221; row_border_radius_applies=&#8221;bg&#8221; overflow=&#8221;visible&#8221; enable_gradient=&#8221;true&#8221; color_overlay=&#8221;#333333&#8243; color_overlay_2=&#8221;#003e7e&#8221; overlay_strength=&#8221;0.5&#8243; gradient_direction=&#8221;left_to_right&#8221; enable_shape_divider=&#8221;true&#8221; shape_divider_color=&#8221;#ffffff&#8221; shape_divider_position=&#8221;bottom&#8221; shape_divider_height=&#8221;180&#8243; bg_image_animation=&#8221;none&#8221;...\" \/>\n<meta property=\"og:url\" content=\"http:\/\/sjvdenver.edu\/seminarians\/prospective-seminarians\/\" \/>\n<meta property=\"og:site_name\" content=\"Seminarian Division\" \/>\n<meta property=\"article:modified_time\" content=\"2025-12-03T23:24:04+00:00\" \/>\n<meta property=\"og:image\" content=\"http:\/\/sjvdenver.edu\/seminarians\/wp-content\/uploads\/sites\/3\/2023\/01\/IMG_1113-scaled.jpeg\" \/>\n\t<meta property=\"og:image:width\" content=\"2560\" \/>\n\t<meta property=\"og:image:height\" content=\"1920\" \/>\n\t<meta property=\"og:image:type\" content=\"image\/jpeg\" \/>\n<meta name=\"twitter:card\" content=\"summary_large_image\" \/>\n<meta name=\"twitter:label1\" content=\"Est. reading time\" \/>\n\t<meta name=\"twitter:data1\" content=\"4 minutes\" \/>\n<script type=\"application\/ld+json\" class=\"yoast-schema-graph\">{\"@context\":\"https:\/\/schema.org\",\"@graph\":[{\"@type\":\"WebPage\",\"@id\":\"http:\/\/sjvdenver.edu\/seminarians\/prospective-seminarians\/\",\"url\":\"http:\/\/sjvdenver.edu\/seminarians\/prospective-seminarians\/\",\"name\":\"Prospective Seminarians - Seminarian Division\",\"isPartOf\":{\"@id\":\"http:\/\/sjvdenver.edu\/seminarians\/#website\"},\"primaryImageOfPage\":{\"@id\":\"http:\/\/sjvdenver.edu\/seminarians\/prospective-seminarians\/#primaryimage\"},\"image\":{\"@id\":\"http:\/\/sjvdenver.edu\/seminarians\/prospective-seminarians\/#primaryimage\"},\"thumbnailUrl\":\"https:\/\/sjvdenver.edu\/seminarians\/wp-content\/uploads\/sites\/3\/2023\/01\/IMG_1113-scaled.jpeg\",\"datePublished\":\"2022-12-14T21:54:10+00:00\",\"dateModified\":\"2025-12-03T23:24:04+00:00\",\"breadcrumb\":{\"@id\":\"http:\/\/sjvdenver.edu\/seminarians\/prospective-seminarians\/#breadcrumb\"},\"inLanguage\":\"en-US\",\"potentialAction\":[{\"@type\":\"ReadAction\",\"target\":[\"http:\/\/sjvdenver.edu\/seminarians\/prospective-seminarians\/\"]}]},{\"@type\":\"ImageObject\",\"inLanguage\":\"en-US\",\"@id\":\"http:\/\/sjvdenver.edu\/seminarians\/prospective-seminarians\/#primaryimage\",\"url\":\"https:\/\/sjvdenver.edu\/seminarians\/wp-content\/uploads\/sites\/3\/2023\/01\/IMG_1113-scaled.jpeg\",\"contentUrl\":\"https:\/\/sjvdenver.edu\/seminarians\/wp-content\/uploads\/sites\/3\/2023\/01\/IMG_1113-scaled.jpeg\",\"width\":2560,\"height\":1920},{\"@type\":\"BreadcrumbList\",\"@id\":\"http:\/\/sjvdenver.edu\/seminarians\/prospective-seminarians\/#breadcrumb\",\"itemListElement\":[{\"@type\":\"ListItem\",\"position\":1,\"name\":\"Home\",\"item\":\"http:\/\/sjvdenver.edu\/seminarians\/\"},{\"@type\":\"ListItem\",\"position\":2,\"name\":\"Prospective Seminarians\"}]},{\"@type\":\"WebSite\",\"@id\":\"http:\/\/sjvdenver.edu\/seminarians\/#website\",\"url\":\"http:\/\/sjvdenver.edu\/seminarians\/\",\"name\":\"Seminarian Division\",\"description\":\"St. John Vianney Theological Seminary\",\"potentialAction\":[{\"@type\":\"SearchAction\",\"target\":{\"@type\":\"EntryPoint\",\"urlTemplate\":\"http:\/\/sjvdenver.edu\/seminarians\/?s={search_term_string}\"},\"query-input\":\"required name=search_term_string\"}],\"inLanguage\":\"en-US\"}]}<\/script>\n<!-- \/ Yoast SEO plugin. -->","yoast_head_json":{"title":"Prospective Seminarians - Seminarian Division","robots":{"index":"index","follow":"follow","max-snippet":"max-snippet:-1","max-image-preview":"max-image-preview:large","max-video-preview":"max-video-preview:-1"},"canonical":"http:\/\/sjvdenver.edu\/seminarians\/prospective-seminarians\/","og_locale":"en_US","og_type":"article","og_title":"Prospective Seminarians - Seminarian Division","og_description":"[vc_row type=&#8221;full_width_background&#8221; full_screen_row_position=&#8221;middle&#8221; column_margin=&#8221;default&#8221; column_direction=&#8221;default&#8221; column_direction_tablet=&#8221;default&#8221; column_direction_phone=&#8221;default&#8221; bg_image=&#8221;327&#8243; bg_position=&#8221;center center&#8221; background_image_loading=&#8221;default&#8221; bg_repeat=&#8221;no-repeat&#8221; scene_position=&#8221;center&#8221; top_padding=&#8221;8%&#8221; bottom_padding=&#8221;10%&#8221; text_color=&#8221;light&#8221; text_align=&#8221;left&#8221; row_border_radius=&#8221;none&#8221; row_border_radius_applies=&#8221;bg&#8221; overflow=&#8221;visible&#8221; enable_gradient=&#8221;true&#8221; color_overlay=&#8221;#333333&#8243; color_overlay_2=&#8221;#003e7e&#8221; overlay_strength=&#8221;0.5&#8243; gradient_direction=&#8221;left_to_right&#8221; enable_shape_divider=&#8221;true&#8221; shape_divider_color=&#8221;#ffffff&#8221; shape_divider_position=&#8221;bottom&#8221; shape_divider_height=&#8221;180&#8243; bg_image_animation=&#8221;none&#8221;...","og_url":"http:\/\/sjvdenver.edu\/seminarians\/prospective-seminarians\/","og_site_name":"Seminarian Division","article_modified_time":"2025-12-03T23:24:04+00:00","og_image":[{"width":2560,"height":1920,"url":"http:\/\/sjvdenver.edu\/seminarians\/wp-content\/uploads\/sites\/3\/2023\/01\/IMG_1113-scaled.jpeg","type":"image\/jpeg"}],"twitter_card":"summary_large_image","twitter_misc":{"Est. reading time":"4 minutes"},"schema":{"@context":"https:\/\/schema.org","@graph":[{"@type":"WebPage","@id":"http:\/\/sjvdenver.edu\/seminarians\/prospective-seminarians\/","url":"http:\/\/sjvdenver.edu\/seminarians\/prospective-seminarians\/","name":"Prospective Seminarians - Seminarian Division","isPartOf":{"@id":"http:\/\/sjvdenver.edu\/seminarians\/#website"},"primaryImageOfPage":{"@id":"http:\/\/sjvdenver.edu\/seminarians\/prospective-seminarians\/#primaryimage"},"image":{"@id":"http:\/\/sjvdenver.edu\/seminarians\/prospective-seminarians\/#primaryimage"},"thumbnailUrl":"https:\/\/sjvdenver.edu\/seminarians\/wp-content\/uploads\/sites\/3\/2023\/01\/IMG_1113-scaled.jpeg","datePublished":"2022-12-14T21:54:10+00:00","dateModified":"2025-12-03T23:24:04+00:00","breadcrumb":{"@id":"http:\/\/sjvdenver.edu\/seminarians\/prospective-seminarians\/#breadcrumb"},"inLanguage":"en-US","potentialAction":[{"@type":"ReadAction","target":["http:\/\/sjvdenver.edu\/seminarians\/prospective-seminarians\/"]}]},{"@type":"ImageObject","inLanguage":"en-US","@id":"http:\/\/sjvdenver.edu\/seminarians\/prospective-seminarians\/#primaryimage","url":"https:\/\/sjvdenver.edu\/seminarians\/wp-content\/uploads\/sites\/3\/2023\/01\/IMG_1113-scaled.jpeg","contentUrl":"https:\/\/sjvdenver.edu\/seminarians\/wp-content\/uploads\/sites\/3\/2023\/01\/IMG_1113-scaled.jpeg","width":2560,"height":1920},{"@type":"BreadcrumbList","@id":"http:\/\/sjvdenver.edu\/seminarians\/prospective-seminarians\/#breadcrumb","itemListElement":[{"@type":"ListItem","position":1,"name":"Home","item":"http:\/\/sjvdenver.edu\/seminarians\/"},{"@type":"ListItem","position":2,"name":"Prospective Seminarians"}]},{"@type":"WebSite","@id":"http:\/\/sjvdenver.edu\/seminarians\/#website","url":"http:\/\/sjvdenver.edu\/seminarians\/","name":"Seminarian Division","description":"St. John Vianney Theological Seminary","potentialAction":[{"@type":"SearchAction","target":{"@type":"EntryPoint","urlTemplate":"http:\/\/sjvdenver.edu\/seminarians\/?s={search_term_string}"},"query-input":"required name=search_term_string"}],"inLanguage":"en-US"}]}},"_links":{"self":[{"href":"https:\/\/sjvdenver.edu\/seminarians\/wp-json\/wp\/v2\/pages\/194","targetHints":{"allow":["GET"]}}],"collection":[{"href":"https:\/\/sjvdenver.edu\/seminarians\/wp-json\/wp\/v2\/pages"}],"about":[{"href":"https:\/\/sjvdenver.edu\/seminarians\/wp-json\/wp\/v2\/types\/page"}],"author":[{"embeddable":true,"href":"https:\/\/sjvdenver.edu\/seminarians\/wp-json\/wp\/v2\/users\/1"}],"replies":[{"embeddable":true,"href":"https:\/\/sjvdenver.edu\/seminarians\/wp-json\/wp\/v2\/comments?post=194"}],"version-history":[{"count":14,"href":"https:\/\/sjvdenver.edu\/seminarians\/wp-json\/wp\/v2\/pages\/194\/revisions"}],"predecessor-version":[{"id":1103,"href":"https:\/\/sjvdenver.edu\/seminarians\/wp-json\/wp\/v2\/pages\/194\/revisions\/1103"}],"wp:featuredmedia":[{"embeddable":true,"href":"https:\/\/sjvdenver.edu\/seminarians\/wp-json\/wp\/v2\/media\/512"}],"wp:attachment":[{"href":"https:\/\/sjvdenver.edu\/seminarians\/wp-json\/wp\/v2\/media?parent=194"}],"curies":[{"name":"wp","href":"https:\/\/api.w.org\/{rel}","templated":true}]}}